{"id":301,"date":"2025-08-22T15:22:36","date_gmt":"2025-08-22T13:22:36","guid":{"rendered":"https:\/\/www.monespacedepaix.com\/?page_id=301"},"modified":"2025-08-29T23:38:11","modified_gmt":"2025-08-29T21:38:11","slug":"cadeau-de-bienvenue","status":"publish","type":"page","link":"https:\/\/www.monespacedepaix.com\/en\/cadeau-de-bienvenue\/","title":{"rendered":"Cadeau de bienvenue"},"content":{"rendered":"<div data-elementor-type=\"wp-page\" data-elementor-id=\"301\" class=\"elementor elementor-301\" data-elementor-post-type=\"page\">\n\t\t\t\t\t\t<section class=\"elementor-section elementor-top-section elementor-element elementor-element-13d4783 elementor-section-stretched elementor-section-boxed elementor-section-height-default elementor-section-height-default\" data-id=\"13d4783\" data-element_type=\"section\" data-e-type=\"section\" data-settings=\"{&quot;stretch_section&quot;:&quot;section-stretched&quot;}\">\n\t\t\t\t\t\t<div class=\"elementor-container elementor-column-gap-wider\">\n\t\t\t\t\t<div class=\"elementor-column elementor-col-100 elementor-top-column elementor-element elementor-element-c64687f\" data-id=\"c64687f\" data-element_type=\"column\" data-e-type=\"column\">\n\t\t\t<div class=\"elementor-widget-wrap elementor-element-populated\">\n\t\t\t\t\t\t<section class=\"elementor-section elementor-inner-section elementor-element elementor-element-7d5c495 elementor-section-content-middle elementor-section-boxed elementor-section-height-default elementor-section-height-default\" data-id=\"7d5c495\" data-element_type=\"section\" data-e-type=\"section\">\n\t\t\t\t\t\t<div class=\"elementor-container elementor-column-gap-wider\">\n\t\t\t\t\t<div class=\"elementor-column elementor-col-50 elementor-inner-column elementor-element elementor-element-3e825b0\" data-id=\"3e825b0\" data-element_type=\"column\" data-e-type=\"column\">\n\t\t\t<div class=\"elementor-widget-wrap elementor-element-populated\">\n\t\t\t\t\t\t<div class=\"elementor-element elementor-element-8c5509e elementor-widget elementor-widget-text-editor\" data-id=\"8c5509e\" data-element_type=\"widget\" data-e-type=\"widget\" data-widget_type=\"text-editor.default\">\n\t\t\t\t\t\t\t\t\t<h4 class=\"themecolor\">Recevez gratuitement le mini-guide \u201c3 cl\u00e9s express pour retrouver la paix int\u00e9rieure\u201d<\/h4>\t\t\t\t\t\t\t\t<\/div>\n\t\t\t\t<div class=\"elementor-element elementor-element-8aa571f elementor-widget elementor-widget-text-editor\" data-id=\"8aa571f\" data-element_type=\"widget\" data-e-type=\"widget\" data-widget_type=\"text-editor.default\">\n\t\t\t\t\t\t\t\t\t<p data-start=\"427\" data-end=\"663\">En seulement quelques minutes par jour, d\u00e9couvrez :<br data-start=\"478\" data-end=\"481\" \/>\u2705 Une technique simple de respiration pour calmer le stress<br data-start=\"540\" data-end=\"543\" \/>\u2705 Un exercice pour lib\u00e9rer vos \u00e9motions sans les subir<br data-start=\"597\" data-end=\"600\" \/>\u2705 Un rituel du soir pour apaiser votre esprit et mieux dormir<br \/>\u2705 <strong>EN BONUS : une vid\u00e9o de partage pour vous aider \u00e0 trouver votre paix int\u00e9rieure<\/strong><\/p><p data-start=\"665\" data-end=\"751\">\ud83d\udc49 Remplissez le formulaire ci-dessous et recevez votre guide directement par email.<\/p><p data-start=\"753\" data-end=\"811\"><strong data-start=\"753\" data-end=\"809\">Transformez vos \u00e9motions en alli\u00e9es d\u00e8s aujourd\u2019hui.<\/strong><\/p>\t\t\t\t\t\t\t\t<\/div>\n\t\t\t\t\t<\/div>\n\t\t<\/div>\n\t\t\t\t<div class=\"elementor-column elementor-col-50 elementor-inner-column elementor-element elementor-element-44cac20\" data-id=\"44cac20\" data-element_type=\"column\" data-e-type=\"column\" data-settings=\"{&quot;background_background&quot;:&quot;classic&quot;}\">\n\t\t\t<div class=\"elementor-widget-wrap elementor-element-populated\">\n\t\t\t\t\t\t<div class=\"elementor-element elementor-element-5f646e1 elementor-widget elementor-widget-text-editor\" data-id=\"5f646e1\" data-element_type=\"widget\" data-e-type=\"widget\" data-widget_type=\"text-editor.default\">\n\t\t\t\t\t\t\t\t\t<h4 class=\"themecolor\">Remplissez ce formulaire<\/h4>\t\t\t\t\t\t\t\t<\/div>\n\t\t\t\t<div class=\"elementor-element elementor-element-4ad4ff5 elementor-widget elementor-widget-wpforms\" data-id=\"4ad4ff5\" data-element_type=\"widget\" data-e-type=\"widget\" data-widget_type=\"wpforms.default\">\n\t\t\t\t<div class=\"elementor-widget-container\">\n\t\t\t\t\t<style id=\"wpforms-css-vars-root\">\n\t\t\t\t:root {\n\t\t\t\t\t--wpforms-field-border-radius: 3px;\n--wpforms-field-background-color: #ffffff;\n--wpforms-field-border-color: rgba( 0, 0, 0, 0.25 );\n--wpforms-field-text-color: rgba( 0, 0, 0, 0.7 );\n--wpforms-label-color: rgba( 0, 0, 0, 0.85 );\n--wpforms-label-sublabel-color: rgba( 0, 0, 0, 0.55 );\n--wpforms-label-error-color: #d63637;\n--wpforms-button-border-radius: 3px;\n--wpforms-button-background-color: #066aab;\n--wpforms-button-text-color: #ffffff;\n--wpforms-field-size-input-height: 43px;\n--wpforms-field-size-input-spacing: 15px;\n--wpforms-field-size-font-size: 16px;\n--wpforms-field-size-line-height: 19px;\n--wpforms-field-size-padding-h: 14px;\n--wpforms-field-size-checkbox-size: 16px;\n--wpforms-field-size-sublabel-spacing: 5px;\n--wpforms-field-size-icon-size: 1;\n--wpforms-label-size-font-size: 16px;\n--wpforms-label-size-line-height: 19px;\n--wpforms-label-size-sublabel-font-size: 14px;\n--wpforms-label-size-sublabel-line-height: 17px;\n--wpforms-button-size-font-size: 17px;\n--wpforms-button-size-height: 41px;\n--wpforms-button-size-padding-h: 15px;\n--wpforms-button-size-margin-top: 10px;\n\n\t\t\t\t}\n\t\t\t<\/style><style id=\"wpforms-css-vars-elementor-widget-4ad4ff5\">\n\t\t\t\t.elementor-widget-wpforms.elementor-element-4ad4ff5 {\n\t\t\t\t\t--wpforms-field-size-input-height: 43px;\n--wpforms-field-size-input-spacing: 15px;\n--wpforms-field-size-font-size: 16px;\n--wpforms-field-size-line-height: 19px;\n--wpforms-field-size-padding-h: 14px;\n--wpforms-field-size-checkbox-size: 16px;\n--wpforms-field-size-sublabel-spacing: 5px;\n--wpforms-field-size-icon-size: 1;\n--wpforms-label-size-font-size: 16px;\n--wpforms-label-size-line-height: 19px;\n--wpforms-label-size-sublabel-font-size: 14px;\n--wpforms-label-size-sublabel-line-height: 17px;\n--wpforms-button-size-font-size: 17px;\n--wpforms-button-size-height: 41px;\n--wpforms-button-size-padding-h: 15px;\n--wpforms-button-size-margin-top: 10px;\n\n\t\t\t\t}\n\t\t\t<\/style><div class=\"wpforms-container wpforms-container-full wpforms-render-modern\" id=\"wpforms-309\"><form id=\"wpforms-form-309\" class=\"wpforms-validate wpforms-form wpforms-ajax-form\" data-formid=\"309\" method=\"post\" enctype=\"multipart\/form-data\" action=\"\/en\/wp-json\/wp\/v2\/pages\/301\" data-token=\"0337aae01eb8a585639e1613de5a3452\" data-trp-original-action=\"\/en\/wp-json\/wp\/v2\/pages\/301\"><noscript class=\"wpforms-error-noscript\">Please enable JavaScript in your browser to complete this form.<\/noscript><div class=\"wpforms-hidden\" id=\"wpforms-error-noscript\">Please enable JavaScript in your browser to complete this form.<\/div><div class=\"wpforms-field-container\"><div id=\"wpforms-309-field_3-container\" class=\"wpforms-field wpforms-field-text\" data-field-id=\"3\"><label class=\"wpforms-field-label\" for=\"wpforms-309-field_3\">Pr\u00e9nom <span class=\"wpforms-required-label\" aria-hidden=\"true\">*<\/span><\/label><input type=\"text\" id=\"wpforms-309-field_3\" class=\"wpforms-field-large wpforms-field-required\" name=\"wpforms[fields][3]\" aria-errormessage=\"wpforms-309-field_3-error\" required><\/div><div id=\"wpforms-309-field_4-container\" class=\"wpforms-field wpforms-field-text\" data-field-id=\"4\"><label class=\"wpforms-field-label\" for=\"wpforms-309-field_4\">Nom de famille <span class=\"wpforms-required-label\" aria-hidden=\"true\">*<\/span><\/label><input type=\"text\" id=\"wpforms-309-field_4\" class=\"wpforms-field-large wpforms-field-required\" name=\"wpforms[fields][4]\" aria-errormessage=\"wpforms-309-field_4-error\" required><\/div><div id=\"wpforms-309-field_1-container\" class=\"wpforms-field wpforms-field-email\" data-field-id=\"1\"><label class=\"wpforms-field-label\" for=\"wpforms-309-field_1\">Email <span class=\"wpforms-required-label\" aria-hidden=\"true\">*<\/span><\/label><input type=\"email\" id=\"wpforms-309-field_1\" class=\"wpforms-field-large wpforms-field-required\" name=\"wpforms[fields][1]\" spellcheck=\"false\" aria-errormessage=\"wpforms-309-field_1-error\" required><\/div><\/div><!-- .wpforms-field-container --><div class=\"wpforms-submit-container\" ><input type=\"hidden\" name=\"wpforms[id]\" value=\"309\"><input type=\"hidden\" name=\"wpforms[author]\" value=\"1\"><button type=\"submit\" name=\"wpforms[submit]\" id=\"wpforms-submit-309\" class=\"wpforms-submit\" data-alt-text=\"En cours d&#039;envoi...\" data-submit-text=\"Je re\u00e7ois mon guide\" aria-live=\"assertive\" value=\"wpforms-submit\">Je re\u00e7ois mon guide<\/button><img decoding=\"async\" src=\"https:\/\/www.monespacedepaix.com\/wp-content\/plugins\/wpforms\/assets\/images\/submit-spin.svg\" class=\"wpforms-submit-spinner\" style=\"display: none;\" width=\"26\" height=\"26\" alt=\"Loading\"><\/div><input type=\"hidden\" name=\"trp-form-language\" value=\"en\"\/><\/form><\/div>  <!-- .wpforms-container -->\t\t\t\t<\/div>\n\t\t\t\t<\/div>\n\t\t\t\t<div class=\"elementor-element elementor-element-08ae157 elementor-widget elementor-widget-text-editor\" data-id=\"08ae157\" data-element_type=\"widget\" data-e-type=\"widget\" data-widget_type=\"text-editor.default\">\n\t\t\t\t\t\t\t\t\t<p data-start=\"718\" data-end=\"757\">Votre email ne sera jamais partag\u00e9.<br \/>D\u00e9sinscription possible \u00e0 tout moment.<\/p>\t\t\t\t\t\t\t\t<\/div>\n\t\t\t\t\t<\/div>\n\t\t<\/div>\n\t\t\t\t\t<\/div>\n\t\t<\/section>\n\t\t\t\t\t<\/div>\n\t\t<\/div>\n\t\t\t\t\t<\/div>\n\t\t<\/section>\n\t\t\t\t<section class=\"elementor-section elementor-top-section elementor-element elementor-element-4d47757 elementor-section-stretched elementor-section-boxed elementor-section-height-default elementor-section-height-default\" data-id=\"4d47757\" data-element_type=\"section\" data-e-type=\"section\" data-settings=\"{&quot;stretch_section&quot;:&quot;section-stretched&quot;,&quot;background_background&quot;:&quot;classic&quot;}\">\n\t\t\t\t\t\t<div class=\"elementor-container elementor-column-gap-wider\">\n\t\t\t\t\t<div class=\"elementor-column elementor-col-100 elementor-top-column elementor-element elementor-element-60d2f40\" data-id=\"60d2f40\" data-element_type=\"column\" data-e-type=\"column\">\n\t\t\t<div class=\"elementor-widget-wrap elementor-element-populated\">\n\t\t\t\t\t\t<div class=\"elementor-element elementor-element-779448b elementor-widget elementor-widget-text-editor\" data-id=\"779448b\" data-element_type=\"widget\" data-e-type=\"widget\" data-widget_type=\"text-editor.default\">\n\t\t\t\t\t\t\t\t\t<h6 class=\"themecolor\">T\u00c9MOIGNAGES<\/h6>\t\t\t\t\t\t\t\t<\/div>\n\t\t\t\t<div class=\"elementor-element elementor-element-2a03ee7 elementor-widget elementor-widget-text-editor\" data-id=\"2a03ee7\" data-element_type=\"widget\" data-e-type=\"widget\" data-widget_type=\"text-editor.default\">\n\t\t\t\t\t\t\t\t\t<h3><span style=\"color: #ffffff;\">Quelques t\u00e9moignages<\/span><\/h3>\t\t\t\t\t\t\t\t<\/div>\n\t\t\t\t<div class=\"elementor-element elementor-element-f38f1b2 dark elementor-widget elementor-widget-mfn_testimonials\" data-id=\"f38f1b2\" data-element_type=\"widget\" data-e-type=\"widget\" data-widget_type=\"mfn_testimonials.default\">\n\t\t\t\t<div class=\"elementor-widget-container\">\n\t\t\t\t\t<div class=\"testimonials_slider single-photo hide-photos\"><ul class=\"testimonials_slider_ul\"><li><div class=\"single-photo-img\"><img decoding=\"async\" class=\"scale-with-grid\" src=\"https:\/\/www.monespacedepaix.com\/wp-content\/themes\/betheme\/betheme\/images\/testimonials-placeholder.png\" alt=\"Eric G\" \/><\/div><div class=\"bq_wrapper\"><div class=\"blockquote\"><span class=\"mfn-blockquote-icon\"><i class=\"icon-quote\" aria-hidden=\"true\"><\/i><\/span><blockquote>Ce que j\u2019ai appr\u00e9ci\u00e9, c\u2019est la simplicit\u00e9 et l\u2019efficacit\u00e9 des outils. Pas besoin de passer des heures : quelques minutes par jour suffisent pour voir une r\u00e9elle diff\u00e9rence dans son bien-\u00eatre.<\/blockquote><\/div><\/div><div class=\"hr_dots\"><span><\/span><span><\/span><span><\/span><\/div><div class=\"author\"><h5>Eric G<\/h5><span class=\"company\"><\/span><\/div><\/li><li><div class=\"single-photo-img\"><img decoding=\"async\" class=\"scale-with-grid\" src=\"https:\/\/www.monespacedepaix.com\/wp-content\/themes\/betheme\/betheme\/images\/testimonials-placeholder.png\" alt=\"Vanessa W.\" \/><\/div><div class=\"bq_wrapper\"><div class=\"blockquote\"><span class=\"mfn-blockquote-icon\"><i class=\"icon-quote\" aria-hidden=\"true\"><\/i><\/span><blockquote>Les explications sont claires, accessibles, et surtout applicables dans la vie de tous les jours. J\u2019ai gagn\u00e9 en confiance et je me sens mieux \u00e9quip\u00e9 pour faire face aux d\u00e9fis de la vie.<\/blockquote><\/div><\/div><div class=\"hr_dots\"><span><\/span><span><\/span><span><\/span><\/div><div class=\"author\"><h5>Vanessa W.<\/h5><span class=\"company\"><\/span><\/div><\/li><li><div class=\"single-photo-img\"><img decoding=\"async\" width=\"85\" height=\"85\" src=\"https:\/\/www.monespacedepaix.com\/wp-content\/uploads\/2019\/09\/spa4-testimonials1.jpg\" class=\"scale-with-grid wp-post-image\" alt=\"\" srcset=\"https:\/\/www.monespacedepaix.com\/wp-content\/uploads\/2019\/09\/spa4-testimonials1.jpg 85w, https:\/\/www.monespacedepaix.com\/wp-content\/uploads\/2019\/09\/spa4-testimonials1-50x50.jpg 50w, https:\/\/www.monespacedepaix.com\/wp-content\/uploads\/2019\/09\/spa4-testimonials1-75x75.jpg 75w, https:\/\/www.monespacedepaix.com\/wp-content\/uploads\/2019\/09\/spa4-testimonials1-80x80.jpg 80w\" sizes=\"(max-width: 85px) 100vw, 85px\" \/><\/div><div class=\"bq_wrapper\"><div class=\"blockquote\"><span class=\"mfn-blockquote-icon\"><i class=\"icon-quote\" aria-hidden=\"true\"><\/i><\/span><blockquote>Apr\u00e8s une p\u00e9riode difficile marqu\u00e9e par un deuil, j\u2019ai trouv\u00e9 dans cette approche un vrai soutien. Pouvoir mettre des mots sur mes \u00e9motions m\u2019a permis de retrouver un \u00e9quilibre int\u00e9rieur que je croyais perdu.<\/blockquote><\/div><\/div><div class=\"hr_dots\"><span><\/span><span><\/span><span><\/span><\/div><div class=\"author\"><h5>Marc P.<\/h5><span class=\"company\"><\/span><\/div><\/li><li><div class=\"single-photo-img\"><img decoding=\"async\" width=\"85\" height=\"85\" src=\"https:\/\/www.monespacedepaix.com\/wp-content\/uploads\/2019\/09\/spa4-testimonials3.jpg\" class=\"scale-with-grid wp-post-image\" alt=\"\" srcset=\"https:\/\/www.monespacedepaix.com\/wp-content\/uploads\/2019\/09\/spa4-testimonials3.jpg 85w, https:\/\/www.monespacedepaix.com\/wp-content\/uploads\/2019\/09\/spa4-testimonials3-50x50.jpg 50w, https:\/\/www.monespacedepaix.com\/wp-content\/uploads\/2019\/09\/spa4-testimonials3-75x75.jpg 75w, https:\/\/www.monespacedepaix.com\/wp-content\/uploads\/2019\/09\/spa4-testimonials3-80x80.jpg 80w\" sizes=\"(max-width: 85px) 100vw, 85px\" \/><\/div><div class=\"bq_wrapper\"><div class=\"blockquote\"><span class=\"mfn-blockquote-icon\"><i class=\"icon-quote\" aria-hidden=\"true\"><\/i><\/span><blockquote>J\u2019\u00e9tais sceptique au d\u00e9but, mais j\u2019ai \u00e9t\u00e9 surpris de voir \u00e0 quel point ces cl\u00e9s concr\u00e8tes pouvaient m\u2019aider. En quelques semaines seulement, j\u2019ai r\u00e9ussi \u00e0 transformer ma mani\u00e8re de r\u00e9agir face au stress.<\/blockquote><\/div><\/div><div class=\"hr_dots\"><span><\/span><span><\/span><span><\/span><\/div><div class=\"author\"><h5>Carl P.<\/h5><span class=\"company\"><\/span><\/div><\/li><li><div class=\"single-photo-img\"><img loading=\"lazy\" decoding=\"async\" width=\"85\" height=\"85\" src=\"https:\/\/www.monespacedepaix.com\/wp-content\/uploads\/2019\/09\/spa4-testimonials2.jpg\" class=\"scale-with-grid wp-post-image\" alt=\"\" srcset=\"https:\/\/www.monespacedepaix.com\/wp-content\/uploads\/2019\/09\/spa4-testimonials2.jpg 85w, https:\/\/www.monespacedepaix.com\/wp-content\/uploads\/2019\/09\/spa4-testimonials2-50x50.jpg 50w, https:\/\/www.monespacedepaix.com\/wp-content\/uploads\/2019\/09\/spa4-testimonials2-75x75.jpg 75w, https:\/\/www.monespacedepaix.com\/wp-content\/uploads\/2019\/09\/spa4-testimonials2-80x80.jpg 80w\" sizes=\"(max-width: 85px) 100vw, 85px\" \/><\/div><div class=\"bq_wrapper\"><div class=\"blockquote\"><span class=\"mfn-blockquote-icon\"><i class=\"icon-quote\" aria-hidden=\"true\"><\/i><\/span><blockquote>Je me sentais souvent d\u00e9pass\u00e9e par mes \u00e9motions, surtout l\u2019anxi\u00e9t\u00e9. Gr\u00e2ce aux outils simples propos\u00e9s ici, j\u2019ai appris \u00e0 les comprendre et \u00e0 mieux les g\u00e9rer au quotidien. Aujourd\u2019hui, je me sens beaucoup plus apais\u00e9e.<\/blockquote><\/div><\/div><div class=\"hr_dots\"><span><\/span><span><\/span><span><\/span><\/div><div class=\"author\"><h5>Jennifer F.<\/h5><span class=\"company\"><\/span><\/div><\/li><\/ul><div class=\"slider_pager slider_pagination\"><\/div><\/div>\n\t\t\t\t<\/div>\n\t\t\t\t<\/div>\n\t\t\t\t\t<\/div>\n\t\t<\/div>\n\t\t\t\t\t<\/div>\n\t\t<\/section>\n\t\t\t\t<\/div>","protected":false},"excerpt":{"rendered":"<p>Recevez gratuitement le mini-guide \u201c3 cl\u00e9s express pour retrouver la paix int\u00e9rieure\u201d En seulement quelques minutes par jour, d\u00e9couvrez :\u2705 Une technique simple de respiration pour<span class=\"excerpt-hellip\"> [\u2026]<\/span><\/p>","protected":false},"author":1,"featured_media":0,"parent":0,"menu_order":0,"comment_status":"closed","ping_status":"closed","template":"","meta":{"pmpro_default_level":"","footnotes":""},"class_list":["post-301","page","type-page","status-publish","hentry","pmpro-has-access"],"_links":{"self":[{"href":"https:\/\/www.monespacedepaix.com\/en\/wp-json\/wp\/v2\/pages\/301","targetHints":{"allow":["GET"]}}],"collection":[{"href":"https:\/\/www.monespacedepaix.com\/en\/wp-json\/wp\/v2\/pages"}],"about":[{"href":"https:\/\/www.monespacedepaix.com\/en\/wp-json\/wp\/v2\/types\/page"}],"author":[{"embeddable":true,"href":"https:\/\/www.monespacedepaix.com\/en\/wp-json\/wp\/v2\/users\/1"}],"replies":[{"embeddable":true,"href":"https:\/\/www.monespacedepaix.com\/en\/wp-json\/wp\/v2\/comments?post=301"}],"version-history":[{"count":35,"href":"https:\/\/www.monespacedepaix.com\/en\/wp-json\/wp\/v2\/pages\/301\/revisions"}],"predecessor-version":[{"id":683,"href":"https:\/\/www.monespacedepaix.com\/en\/wp-json\/wp\/v2\/pages\/301\/revisions\/683"}],"wp:attachment":[{"href":"https:\/\/www.monespacedepaix.com\/en\/wp-json\/wp\/v2\/media?parent=301"}],"curies":[{"name":"wp","href":"https:\/\/api.w.org\/{rel}","templated":true}]}}