{"id":352,"date":"2025-08-24T01:56:34","date_gmt":"2025-08-23T23:56:34","guid":{"rendered":"https:\/\/www.monespacedepaix.com\/?page_id=352"},"modified":"2025-08-24T04:10:25","modified_gmt":"2025-08-24T02:10:25","slug":"articles","status":"publish","type":"page","link":"https:\/\/www.monespacedepaix.com\/en\/articles\/","title":{"rendered":"Articles"},"content":{"rendered":"<div data-elementor-type=\"wp-page\" data-elementor-id=\"352\" class=\"elementor elementor-352\" data-elementor-post-type=\"page\">\n\t\t\t\t<div class=\"elementor-element elementor-element-7babe85 e-flex e-con-boxed e-con e-parent\" data-id=\"7babe85\" data-element_type=\"container\">\n\t\t\t\t\t<div class=\"e-con-inner\">\n\t\t\t\t<div class=\"elementor-element elementor-element-a445fc4 elementor-widget elementor-widget-mfn_blog_news\" data-id=\"a445fc4\" data-element_type=\"widget\" data-widget_type=\"mfn_blog_news.default\">\n\t\t\t\t<div class=\"elementor-widget-container\">\n\t\t\t\t\t<div class=\"Latest_news featured\"><h3 class=\"title\">This is the heading<\/h3><ul class=\"ul-first\"><li class=\"post-571 post type-post status-publish format-standard has-post-thumbnail hentry category-outils pmpro-level-required pmpro-level-2 pmpro-level-3 pmpro-no-access\"><div class=\"photo\"><a href=\"https:\/\/www.monespacedepaix.com\/en\/le-pouvoir-liberateur-du-pardon-retrouver-la-paix-interieure\/\"><img fetchpriority=\"high\" decoding=\"async\" width=\"960\" height=\"720\" src=\"https:\/\/www.monespacedepaix.com\/wp-content\/uploads\/2025\/08\/pardon-960x720.jpg\" class=\"scale-with-grid wp-post-image\" alt=\"\" \/><\/a><\/div><div class=\"desc\"><h4><a href=\"https:\/\/www.monespacedepaix.com\/en\/le-pouvoir-liberateur-du-pardon-retrouver-la-paix-interieure\/\">Le pouvoir lib\u00e9rateur du pardon : retrouver la paix int\u00e9rieure<\/a><\/h4><div class=\"desc_footer\"><span class=\"date\"><i class=\"icon-clock\" aria-label=\"published\"><\/i> 27 August 2025<\/span><div class=\"button-love\"><a href=\"#\" class=\"mfn-love\" data-id=\"571\"><span class=\"icons-wrapper\"><i class=\"icon-heart-empty-fa\" aria-label=\"loved\"><\/i><i class=\"icon-heart-fa\" aria-label=\"loved\"><\/i><\/span><span class=\"label\">0<\/span><\/a><\/div><\/div><\/div><\/li><\/ul><ul class=\"ul-second\"><li class=\"post-565 post type-post status-publish format-standard has-post-thumbnail hentry category-outils pmpro-level-required pmpro-level-2 pmpro-level-3 pmpro-no-access\"><div class=\"photo\"><a href=\"https:\/\/www.monespacedepaix.com\/en\/la-gratitude-le-secret-dun-esprit-plus-leger-et-heureux\/\"><img decoding=\"async\" width=\"960\" height=\"720\" src=\"https:\/\/www.monespacedepaix.com\/wp-content\/uploads\/2025\/08\/gratitude-960x720.jpg\" class=\"scale-with-grid wp-post-image\" alt=\"\" \/><\/a><\/div><div class=\"desc\"><h5><a href=\"https:\/\/www.monespacedepaix.com\/en\/la-gratitude-le-secret-dun-esprit-plus-leger-et-heureux\/\">La gratitude : le secret d\u2019un esprit plus l\u00e9ger et heureux<\/a><\/h5><div class=\"desc_footer\"><span class=\"date\"><i class=\"icon-clock\" aria-label=\"published\"><\/i> 27 August 2025<\/span><div class=\"button-love\"><a href=\"#\" class=\"mfn-love\" data-id=\"565\"><span class=\"icons-wrapper\"><i class=\"icon-heart-empty-fa\" aria-label=\"loved\"><\/i><i class=\"icon-heart-fa\" aria-label=\"loved\"><\/i><\/span><span class=\"label\">0<\/span><\/a><\/div><\/div><\/div><\/li><li class=\"post-559 post type-post status-publish format-standard has-post-thumbnail hentry category-outils pmpro-level-required pmpro-level-2 pmpro-level-3 pmpro-no-access\"><div class=\"photo\"><a href=\"https:\/\/www.monespacedepaix.com\/en\/comprendre-et-apaiser-lanxiete-naturellement\/\"><img decoding=\"async\" width=\"960\" height=\"675\" src=\"https:\/\/www.monespacedepaix.com\/wp-content\/uploads\/2025\/08\/anxiete-960x675.jpg\" class=\"scale-with-grid wp-post-image\" alt=\"\" \/><\/a><\/div><div class=\"desc\"><h5><a href=\"https:\/\/www.monespacedepaix.com\/en\/comprendre-et-apaiser-lanxiete-naturellement\/\">Comprendre et apaiser l\u2019anxi\u00e9t\u00e9 naturellement<\/a><\/h5><div class=\"desc_footer\"><span class=\"date\"><i class=\"icon-clock\" aria-label=\"published\"><\/i> 27 August 2025<\/span><div class=\"button-love\"><a href=\"#\" class=\"mfn-love\" data-id=\"559\"><span class=\"icons-wrapper\"><i class=\"icon-heart-empty-fa\" aria-label=\"loved\"><\/i><i class=\"icon-heart-fa\" aria-label=\"loved\"><\/i><\/span><span class=\"label\">0<\/span><\/a><\/div><\/div><\/div><\/li><li class=\"post-154 post type-post status-publish format-standard has-post-thumbnail hentry category-mon-espace-de-paix pmpro-has-access\"><div class=\"photo\"><a href=\"https:\/\/www.monespacedepaix.com\/en\/7-rituels-du-soir-pour-apaiser-lesprit-et-mieux-dormir\/\"><img loading=\"lazy\" decoding=\"async\" width=\"960\" height=\"720\" src=\"https:\/\/www.monespacedepaix.com\/wp-content\/uploads\/2025\/08\/bien-dormir-960x720.jpg\" class=\"scale-with-grid wp-post-image\" alt=\"\" \/><\/a><\/div><div class=\"desc\"><h5><a href=\"https:\/\/www.monespacedepaix.com\/en\/7-rituels-du-soir-pour-apaiser-lesprit-et-mieux-dormir\/\">7 rituels du soir pour apaiser l\u2019esprit et mieux dormir<\/a><\/h5><div class=\"desc_footer\"><span class=\"date\"><i class=\"icon-clock\" aria-label=\"published\"><\/i> 21 August 2025<\/span><i class=\"icon-comment-empty-fa\" aria-label=\"comments number\"><\/i> <a href=\"https:\/\/www.monespacedepaix.com\/en\/7-rituels-du-soir-pour-apaiser-lesprit-et-mieux-dormir\/#respond\" class=\"post-comments\">0<\/a><div class=\"button-love\"><a href=\"#\" class=\"mfn-love\" data-id=\"154\"><span class=\"icons-wrapper\"><i class=\"icon-heart-empty-fa\" aria-label=\"loved\"><\/i><i class=\"icon-heart-fa\" aria-label=\"loved\"><\/i><\/span><span class=\"label\">0<\/span><\/a><\/div><\/div><\/div><\/li><li class=\"post-151 post type-post status-publish format-standard has-post-thumbnail hentry category-mon-espace-de-paix pmpro-has-access\"><div class=\"photo\"><a href=\"https:\/\/www.monespacedepaix.com\/en\/3-outils-simples-pour-transformer-ses-emotions-negatives-en-energie-positive\/\"><img loading=\"lazy\" decoding=\"async\" width=\"600\" height=\"400\" src=\"https:\/\/www.monespacedepaix.com\/wp-content\/uploads\/2025\/08\/emotions-positives.jpg\" class=\"scale-with-grid wp-post-image\" alt=\"\" srcset=\"https:\/\/www.monespacedepaix.com\/wp-content\/uploads\/2025\/08\/emotions-positives.jpg 600w, https:\/\/www.monespacedepaix.com\/wp-content\/uploads\/2025\/08\/emotions-positives-300x200.jpg 300w, https:\/\/www.monespacedepaix.com\/wp-content\/uploads\/2025\/08\/emotions-positives-219x146.jpg 219w, https:\/\/www.monespacedepaix.com\/wp-content\/uploads\/2025\/08\/emotions-positives-50x33.jpg 50w, https:\/\/www.monespacedepaix.com\/wp-content\/uploads\/2025\/08\/emotions-positives-113x75.jpg 113w\" sizes=\"(max-width: 600px) 100vw, 600px\" \/><\/a><\/div><div class=\"desc\"><h5><a href=\"https:\/\/www.monespacedepaix.com\/en\/3-outils-simples-pour-transformer-ses-emotions-negatives-en-energie-positive\/\">3 outils simples pour transformer ses \u00e9motions n\u00e9gatives en \u00e9nergie positive<\/a><\/h5><div class=\"desc_footer\"><span class=\"date\"><i class=\"icon-clock\" aria-label=\"published\"><\/i> 21 August 2025<\/span><i class=\"icon-comment-empty-fa\" aria-label=\"comments number\"><\/i> <a href=\"https:\/\/www.monespacedepaix.com\/en\/3-outils-simples-pour-transformer-ses-emotions-negatives-en-energie-positive\/#respond\" class=\"post-comments\">0<\/a><div class=\"button-love\"><a href=\"#\" class=\"mfn-love\" data-id=\"151\"><span class=\"icons-wrapper\"><i class=\"icon-heart-empty-fa\" aria-label=\"loved\"><\/i><i class=\"icon-heart-fa\" aria-label=\"loved\"><\/i><\/span><span class=\"label\">0<\/span><\/a><\/div><\/div><\/div><\/li><\/ul><\/div>\n\t\t\t\t<\/div>\n\t\t\t\t<\/div>\n\t\t\t\t\t<\/div>\n\t\t\t\t<\/div>\n\t\t\t\t<\/div>","protected":false},"excerpt":{"rendered":"<p>This is the heading 7 rituels du soir pour apaiser l\u2019esprit et mieux dormir 21 ao\u00fbt 2025 00 3 outils simples pour transformer ses \u00e9motions n\u00e9gatives<span class=\"excerpt-hellip\"> [\u2026]<\/span><\/p>","protected":false},"author":1,"featured_media":0,"parent":0,"menu_order":0,"comment_status":"closed","ping_status":"closed","template":"","meta":{"pmpro_default_level":"","footnotes":""},"class_list":["post-352","page","type-page","status-publish","hentry","pmpro-has-access"],"_links":{"self":[{"href":"https:\/\/www.monespacedepaix.com\/en\/wp-json\/wp\/v2\/pages\/352","targetHints":{"allow":["GET"]}}],"collection":[{"href":"https:\/\/www.monespacedepaix.com\/en\/wp-json\/wp\/v2\/pages"}],"about":[{"href":"https:\/\/www.monespacedepaix.com\/en\/wp-json\/wp\/v2\/types\/page"}],"author":[{"embeddable":true,"href":"https:\/\/www.monespacedepaix.com\/en\/wp-json\/wp\/v2\/users\/1"}],"replies":[{"embeddable":true,"href":"https:\/\/www.monespacedepaix.com\/en\/wp-json\/wp\/v2\/comments?post=352"}],"version-history":[{"count":4,"href":"https:\/\/www.monespacedepaix.com\/en\/wp-json\/wp\/v2\/pages\/352\/revisions"}],"predecessor-version":[{"id":411,"href":"https:\/\/www.monespacedepaix.com\/en\/wp-json\/wp\/v2\/pages\/352\/revisions\/411"}],"wp:attachment":[{"href":"https:\/\/www.monespacedepaix.com\/en\/wp-json\/wp\/v2\/media?parent=352"}],"curies":[{"name":"wp","href":"https:\/\/api.w.org\/{rel}","templated":true}]}}