{"id":74,"date":"2019-09-09T10:38:19","date_gmt":"2019-09-09T10:38:19","guid":{"rendered":"https:\/\/themes.muffingroup.com\/be\/spa4\/?page_id=11"},"modified":"2025-08-24T04:06:14","modified_gmt":"2025-08-24T02:06:14","slug":"blog","status":"publish","type":"page","link":"https:\/\/www.monespacedepaix.com\/en\/blog\/","title":{"rendered":"Blog"},"content":{"rendered":"<div data-elementor-type=\"wp-page\" data-elementor-id=\"74\" class=\"elementor elementor-74\" data-elementor-post-type=\"page\">\n\t\t\t\t\t\t<section class=\"elementor-section elementor-top-section elementor-element elementor-element-34c4544 elementor-section-stretched elementor-section-boxed elementor-section-height-default elementor-section-height-default\" data-id=\"34c4544\" data-element_type=\"section\" data-e-type=\"section\" data-settings=\"{&quot;stretch_section&quot;:&quot;section-stretched&quot;,&quot;background_background&quot;:&quot;classic&quot;}\">\n\t\t\t\t\t\t<div class=\"elementor-container elementor-column-gap-wider\">\n\t\t\t\t\t<div class=\"elementor-column elementor-col-100 elementor-top-column elementor-element elementor-element-518268e\" data-id=\"518268e\" data-element_type=\"column\" data-e-type=\"column\">\n\t\t\t<div class=\"elementor-widget-wrap elementor-element-populated\">\n\t\t\t\t\t\t<section class=\"elementor-section elementor-inner-section elementor-element elementor-element-990340a elementor-section-boxed elementor-section-height-default elementor-section-height-default\" data-id=\"990340a\" data-element_type=\"section\" data-e-type=\"section\">\n\t\t\t\t\t\t<div class=\"elementor-container elementor-column-gap-default\">\n\t\t\t\t\t<div class=\"elementor-column elementor-col-50 elementor-inner-column elementor-element elementor-element-580a728\" data-id=\"580a728\" data-element_type=\"column\" data-e-type=\"column\">\n\t\t\t<div class=\"elementor-widget-wrap elementor-element-populated\">\n\t\t\t\t\t\t<div class=\"elementor-element elementor-element-20019bc elementor-widget elementor-widget-mfn_trailer_box\" data-id=\"20019bc\" data-element_type=\"widget\" data-e-type=\"widget\" data-widget_type=\"mfn_trailer_box.default\">\n\t\t\t\t<div class=\"elementor-widget-container\">\n\t\t\t\t\t<div class=\"trailer_box\"><img fetchpriority=\"high\" decoding=\"async\" class=\"scale-with-grid\" src=\"https:\/\/www.monespacedepaix.com\/wp-content\/uploads\/2025\/08\/bien-dormir-carre.jpg\" alt=\"bien-dormir-carre\" width=\"800\" height=\"800\"\/><div class=\"desc\"><h2>7 rituels du soir pour apaiser l\u2019esprit et mieux dormir<\/h2><div class=\"line\"><\/div><\/div><\/div>\n\t\t\t\t<\/div>\n\t\t\t\t<\/div>\n\t\t\t\t<div class=\"elementor-element elementor-element-217d20b elementor-widget elementor-widget-text-editor\" data-id=\"217d20b\" data-element_type=\"widget\" data-e-type=\"widget\" data-widget_type=\"text-editor.default\">\n\t\t\t\t\t\t\t\t\t<p>Apr\u00e8s une journ\u00e9e charg\u00e9e, il est parfois difficile de calmer le mental et de trouver le sommeil. Adopter des rituels simples le soir peut transformer vos nuits et votre s\u00e9r\u00e9nit\u00e9.<\/p>\t\t\t\t\t\t\t\t<\/div>\n\t\t\t\t<div class=\"elementor-element elementor-element-761052e elementor-align-center elementor-widget elementor-widget-button\" data-id=\"761052e\" data-element_type=\"widget\" data-e-type=\"widget\" data-widget_type=\"button.default\">\n\t\t\t\t\t\t\t\t\t\t<a class=\"elementor-button elementor-button-link elementor-size-sm\" href=\"https:\/\/www.monespacedepaix.com\/en\/7-rituels-du-soir-pour-apaiser-lesprit-et-mieux-dormir\/\">\n\t\t\t\t\t\t<span class=\"elementor-button-content-wrapper\">\n\t\t\t\t\t\t\t\t\t<span class=\"elementor-button-text\">LIRE LA SUITE<\/span>\n\t\t\t\t\t<\/span>\n\t\t\t\t\t<\/a>\n\t\t\t\t\t\t\t\t<\/div>\n\t\t\t\t\t<\/div>\n\t\t<\/div>\n\t\t\t\t<div class=\"elementor-column elementor-col-50 elementor-inner-column elementor-element elementor-element-09bf32b\" data-id=\"09bf32b\" data-element_type=\"column\" data-e-type=\"column\">\n\t\t\t<div class=\"elementor-widget-wrap elementor-element-populated\">\n\t\t\t\t\t\t<div class=\"elementor-element elementor-element-71c55a1 elementor-widget elementor-widget-mfn_trailer_box\" data-id=\"71c55a1\" data-element_type=\"widget\" data-e-type=\"widget\" data-widget_type=\"mfn_trailer_box.default\">\n\t\t\t\t<div class=\"elementor-widget-container\">\n\t\t\t\t\t<div class=\"trailer_box\"><img decoding=\"async\" class=\"scale-with-grid\" src=\"https:\/\/www.monespacedepaix.com\/wp-content\/uploads\/2025\/08\/emotions-positives-carre.jpg\" alt=\"emotions-positives-carre\" width=\"800\" height=\"800\"\/><div class=\"desc\"><h2>3 outils simples pour transformer ses \u00e9motions n\u00e9gatives en \u00e9nergie positive<\/h2><div class=\"line\"><\/div><\/div><\/div>\n\t\t\t\t<\/div>\n\t\t\t\t<\/div>\n\t\t\t\t<div class=\"elementor-element elementor-element-f4b3311 elementor-widget elementor-widget-text-editor\" data-id=\"f4b3311\" data-element_type=\"widget\" data-e-type=\"widget\" data-widget_type=\"text-editor.default\">\n\t\t\t\t\t\t\t\t\t<p>Nos \u00e9motions n\u00e9gatives \u2013 tristesse, peur, frustration \u2013 sont des signaux \u00e0 \u00e9couter, pas des fardeaux \u00e0 fuir. Bien g\u00e9r\u00e9es, elles peuvent devenir une force constructive.<\/p>\t\t\t\t\t\t\t\t<\/div>\n\t\t\t\t<div class=\"elementor-element elementor-element-3b61cf7 elementor-align-center elementor-widget elementor-widget-button\" data-id=\"3b61cf7\" data-element_type=\"widget\" data-e-type=\"widget\" data-widget_type=\"button.default\">\n\t\t\t\t\t\t\t\t\t\t<a class=\"elementor-button elementor-button-link elementor-size-sm\" href=\"https:\/\/www.monespacedepaix.com\/en\/3-outils-simples-pour-transformer-ses-emotions-negatives-en-energie-positive\/\">\n\t\t\t\t\t\t<span class=\"elementor-button-content-wrapper\">\n\t\t\t\t\t\t\t\t\t<span class=\"elementor-button-text\">LIRE LA SUITE<\/span>\n\t\t\t\t\t<\/span>\n\t\t\t\t\t<\/a>\n\t\t\t\t\t\t\t\t<\/div>\n\t\t\t\t\t<\/div>\n\t\t<\/div>\n\t\t\t\t\t<\/div>\n\t\t<\/section>\n\t\t\t\t<section class=\"elementor-section elementor-inner-section elementor-element elementor-element-e51e65b elementor-section-boxed elementor-section-height-default elementor-section-height-default\" data-id=\"e51e65b\" data-element_type=\"section\" data-e-type=\"section\">\n\t\t\t\t\t\t<div class=\"elementor-container elementor-column-gap-default\">\n\t\t\t\t\t<div class=\"elementor-column elementor-col-50 elementor-inner-column elementor-element elementor-element-a33b16f\" data-id=\"a33b16f\" data-element_type=\"column\" data-e-type=\"column\">\n\t\t\t<div class=\"elementor-widget-wrap elementor-element-populated\">\n\t\t\t\t\t\t<div class=\"elementor-element elementor-element-60f7d64 elementor-widget elementor-widget-mfn_trailer_box\" data-id=\"60f7d64\" data-element_type=\"widget\" data-e-type=\"widget\" data-widget_type=\"mfn_trailer_box.default\">\n\t\t\t\t<div class=\"elementor-widget-container\">\n\t\t\t\t\t<div class=\"trailer_box\"><img decoding=\"async\" class=\"scale-with-grid\" src=\"https:\/\/www.monespacedepaix.com\/wp-content\/uploads\/2025\/08\/Gerer-sa-colere-carre.jpg\" alt=\"Gerer-sa-colere-carre\" width=\"800\" height=\"800\"\/><div class=\"desc\"><h2>5 techniques rapides et efficaces pour g\u00e9rer sa col\u00e8re au quotidien<\/h2><div class=\"line\"><\/div><\/div><\/div>\n\t\t\t\t<\/div>\n\t\t\t\t<\/div>\n\t\t\t\t<div class=\"elementor-element elementor-element-1eef0bb elementor-widget elementor-widget-text-editor\" data-id=\"1eef0bb\" data-element_type=\"widget\" data-e-type=\"widget\" data-widget_type=\"text-editor.default\">\n\t\t\t\t\t\t\t\t\t<p>La col\u00e8re fait partie des \u00e9motions humaines, mais si elle prend trop de place, elle peut nuire \u00e0 nos relations et \u00e0 notre bien-\u00eatre. Heureusement, il existe des techniques simples pour apaiser la col\u00e8re avant qu\u2019elle ne d\u00e9borde.<\/p>\t\t\t\t\t\t\t\t<\/div>\n\t\t\t\t<div class=\"elementor-element elementor-element-5813504 elementor-align-center elementor-widget elementor-widget-button\" data-id=\"5813504\" data-element_type=\"widget\" data-e-type=\"widget\" data-widget_type=\"button.default\">\n\t\t\t\t\t\t\t\t\t\t<a class=\"elementor-button elementor-button-link elementor-size-sm\" href=\"https:\/\/www.monespacedepaix.com\/en\/5-techniques-rapides-et-efficaces-pour-gerer-sa-colere-au-quotidien\/\">\n\t\t\t\t\t\t<span class=\"elementor-button-content-wrapper\">\n\t\t\t\t\t\t\t\t\t<span class=\"elementor-button-text\">LIRE LA SUITE<\/span>\n\t\t\t\t\t<\/span>\n\t\t\t\t\t<\/a>\n\t\t\t\t\t\t\t\t<\/div>\n\t\t\t\t\t<\/div>\n\t\t<\/div>\n\t\t\t\t<div class=\"elementor-column elementor-col-50 elementor-inner-column elementor-element elementor-element-e1592d4\" data-id=\"e1592d4\" data-element_type=\"column\" data-e-type=\"column\">\n\t\t\t<div class=\"elementor-widget-wrap elementor-element-populated\">\n\t\t\t\t\t\t<div class=\"elementor-element elementor-element-d15484d elementor-widget elementor-widget-mfn_trailer_box\" data-id=\"d15484d\" data-element_type=\"widget\" data-e-type=\"widget\" data-widget_type=\"mfn_trailer_box.default\">\n\t\t\t\t<div class=\"elementor-widget-container\">\n\t\t\t\t\t<div class=\"trailer_box\"><img loading=\"lazy\" decoding=\"async\" class=\"scale-with-grid\" src=\"https:\/\/www.monespacedepaix.com\/wp-content\/uploads\/2025\/08\/se-pardonner-carre.jpg\" alt=\"se-pardonner-carre\" width=\"800\" height=\"800\"\/><div class=\"desc\"><h2>Comment pratiquer le pardon pour soi et pour les autres<\/h2><div class=\"line\"><\/div><\/div><\/div>\n\t\t\t\t<\/div>\n\t\t\t\t<\/div>\n\t\t\t\t<div class=\"elementor-element elementor-element-5b33bad elementor-widget elementor-widget-text-editor\" data-id=\"5b33bad\" data-element_type=\"widget\" data-e-type=\"widget\" data-widget_type=\"text-editor.default\">\n\t\t\t\t\t\t\t\t\t<p>Le pardon est un puissant outil de lib\u00e9ration int\u00e9rieure. Que ce soit envers les autres ou envers soi-m\u00eame, il aide \u00e0 retrouver la paix int\u00e9rieure et \u00e0 all\u00e9ger le c\u0153ur.<\/p>\t\t\t\t\t\t\t\t<\/div>\n\t\t\t\t<div class=\"elementor-element elementor-element-ca4cea8 elementor-align-center elementor-widget elementor-widget-button\" data-id=\"ca4cea8\" data-element_type=\"widget\" data-e-type=\"widget\" data-widget_type=\"button.default\">\n\t\t\t\t\t\t\t\t\t\t<a class=\"elementor-button elementor-button-link elementor-size-sm\" href=\"https:\/\/www.monespacedepaix.com\/en\/comment-pratiquer-le-pardon-pour-soi-et-pour-les-autres\/\">\n\t\t\t\t\t\t<span class=\"elementor-button-content-wrapper\">\n\t\t\t\t\t\t\t\t\t<span class=\"elementor-button-text\">LIRE LA SUITE<\/span>\n\t\t\t\t\t<\/span>\n\t\t\t\t\t<\/a>\n\t\t\t\t\t\t\t\t<\/div>\n\t\t\t\t\t<\/div>\n\t\t<\/div>\n\t\t\t\t\t<\/div>\n\t\t<\/section>\n\t\t\t\t\t<\/div>\n\t\t<\/div>\n\t\t\t\t\t<\/div>\n\t\t<\/section>\n\t\t\t\t<\/div>","protected":false},"excerpt":{"rendered":"<p>7 rituels du soir pour apaiser l\u2019esprit et mieux dormir Apr\u00e8s une journ\u00e9e charg\u00e9e, il est parfois difficile de calmer le mental et de trouver le<span class=\"excerpt-hellip\"> [\u2026]<\/span><\/p>","protected":false},"author":1,"featured_media":0,"parent":0,"menu_order":0,"comment_status":"closed","ping_status":"closed","template":"","meta":{"pmpro_default_level":"","footnotes":""},"class_list":["post-74","page","type-page","status-publish","hentry","pmpro-has-access"],"_links":{"self":[{"href":"https:\/\/www.monespacedepaix.com\/en\/wp-json\/wp\/v2\/pages\/74","targetHints":{"allow":["GET"]}}],"collection":[{"href":"https:\/\/www.monespacedepaix.com\/en\/wp-json\/wp\/v2\/pages"}],"about":[{"href":"https:\/\/www.monespacedepaix.com\/en\/wp-json\/wp\/v2\/types\/page"}],"author":[{"embeddable":true,"href":"https:\/\/www.monespacedepaix.com\/en\/wp-json\/wp\/v2\/users\/1"}],"replies":[{"embeddable":true,"href":"https:\/\/www.monespacedepaix.com\/en\/wp-json\/wp\/v2\/comments?post=74"}],"version-history":[{"count":14,"href":"https:\/\/www.monespacedepaix.com\/en\/wp-json\/wp\/v2\/pages\/74\/revisions"}],"predecessor-version":[{"id":407,"href":"https:\/\/www.monespacedepaix.com\/en\/wp-json\/wp\/v2\/pages\/74\/revisions\/407"}],"wp:attachment":[{"href":"https:\/\/www.monespacedepaix.com\/en\/wp-json\/wp\/v2\/media?parent=74"}],"curies":[{"name":"wp","href":"https:\/\/api.w.org\/{rel}","templated":true}]}}