{"id":9,"date":"2019-09-09T10:37:57","date_gmt":"2019-09-09T10:37:57","guid":{"rendered":"https:\/\/themes.muffingroup.com\/be\/spa4\/?page_id=9"},"modified":"2025-08-27T16:31:18","modified_gmt":"2025-08-27T14:31:18","slug":"a-propos","status":"publish","type":"page","link":"https:\/\/www.monespacedepaix.com\/fr\/a-propos\/","title":{"rendered":"\u00c0 propos"},"content":{"rendered":"<div data-elementor-type=\"wp-page\" data-elementor-id=\"9\" class=\"elementor elementor-9\" data-elementor-post-type=\"page\">\n\t\t\t\t\t\t<section class=\"elementor-section elementor-top-section elementor-element elementor-element-13d4783 elementor-section-stretched elementor-section-boxed elementor-section-height-default elementor-section-height-default\" data-id=\"13d4783\" data-element_type=\"section\" data-e-type=\"section\" data-settings=\"{&quot;stretch_section&quot;:&quot;section-stretched&quot;}\">\n\t\t\t\t\t\t<div class=\"elementor-container elementor-column-gap-wider\">\n\t\t\t\t\t<div class=\"elementor-column elementor-col-100 elementor-top-column elementor-element elementor-element-c64687f\" data-id=\"c64687f\" data-element_type=\"column\" data-e-type=\"column\">\n\t\t\t<div class=\"elementor-widget-wrap elementor-element-populated\">\n\t\t\t\t\t\t<section class=\"elementor-section elementor-inner-section elementor-element elementor-element-7d5c495 elementor-section-content-middle elementor-section-boxed elementor-section-height-default elementor-section-height-default\" data-id=\"7d5c495\" data-element_type=\"section\" data-e-type=\"section\">\n\t\t\t\t\t\t<div class=\"elementor-container elementor-column-gap-wider\">\n\t\t\t\t\t<div class=\"elementor-column elementor-col-50 elementor-inner-column elementor-element elementor-element-3e825b0\" data-id=\"3e825b0\" data-element_type=\"column\" data-e-type=\"column\">\n\t\t\t<div class=\"elementor-widget-wrap elementor-element-populated\">\n\t\t\t\t\t\t<div class=\"elementor-element elementor-element-8c5509e elementor-widget elementor-widget-text-editor\" data-id=\"8c5509e\" data-element_type=\"widget\" data-e-type=\"widget\" data-widget_type=\"text-editor.default\">\n\t\t\t\t\t\t\t\t\t<h3 class=\"themecolor\">Pr\u00e9sentation<\/h3>\t\t\t\t\t\t\t\t<\/div>\n\t\t\t\t<div class=\"elementor-element elementor-element-8aa571f elementor-widget elementor-widget-text-editor\" data-id=\"8aa571f\" data-element_type=\"widget\" data-e-type=\"widget\" data-widget_type=\"text-editor.default\">\n\t\t\t\t\t\t\t\t\t<p>Passionn\u00e9 par le bien-\u00eatre et les \u00e9motions, ce que je partage vient avant tout de mon exp\u00e9rience de vie, de mes \u00e9preuves travers\u00e9es, et des outils concrets que j\u2019ai appris \u00e0 d\u00e9velopper pour retrouver l\u2019\u00e9quilibre, la s\u00e9r\u00e9nit\u00e9 et la paix int\u00e9rieure.<\/p><p>Mon parcours personnel m\u2019a amen\u00e9 \u00e0 explorer en profondeur des th\u00e8mes universels : le stress, l\u2019anxi\u00e9t\u00e9, la col\u00e8re, le deuil, le pardon, mais aussi la gratitude, l\u2019authenticit\u00e9 et la responsabilisation. Ce cheminement m\u2019a permis de d\u00e9couvrir que chacun d\u2019entre nous poss\u00e8de en lui les ressources n\u00e9cessaires pour transformer ses \u00e9motions en alli\u00e9es, \u00e0 condition de savoir comment les accueillir et les comprendre.<\/p><p>Aujourd\u2019hui, ma mission est de partager ces cl\u00e9s avec bienveillance, clart\u00e9 et simplicit\u00e9. Je ne me pr\u00e9sente pas comme un \u201cexpert dipl\u00f4m\u00e9\u201d, mais comme un compagnon de route : quelqu\u2019un qui a exp\u00e9riment\u00e9, appris, et qui souhaite transmettre. Mon engagement est d\u2019offrir des outils accessibles et pratiques, afin que chacun puisse, \u00e0 son rythme, avancer vers plus de paix int\u00e9rieure et d\u2019\u00e9quilibre.<\/p>\t\t\t\t\t\t\t\t<\/div>\n\t\t\t\t\t<\/div>\n\t\t<\/div>\n\t\t\t\t<div class=\"elementor-column elementor-col-50 elementor-inner-column elementor-element elementor-element-44cac20\" data-id=\"44cac20\" data-element_type=\"column\" data-e-type=\"column\">\n\t\t\t<div class=\"elementor-widget-wrap elementor-element-populated\">\n\t\t\t\t\t\t<div class=\"elementor-element elementor-element-7f0c316 elementor-widget elementor-widget-image\" data-id=\"7f0c316\" data-element_type=\"widget\" data-e-type=\"widget\" data-widget_type=\"image.default\">\n\t\t\t\t\t\t\t\t\t\t\t\t\t\t\t<img fetchpriority=\"high\" decoding=\"async\" width=\"1024\" height=\"807\" src=\"https:\/\/www.monespacedepaix.com\/wp-content\/uploads\/2025\/08\/20250826_110246-scaled-e1756305036697-1024x807.jpg\" class=\"attachment-large size-large wp-image-512\" alt=\"\" srcset=\"https:\/\/www.monespacedepaix.com\/wp-content\/uploads\/2025\/08\/20250826_110246-scaled-e1756305036697-1024x807.jpg 1024w, https:\/\/www.monespacedepaix.com\/wp-content\/uploads\/2025\/08\/20250826_110246-scaled-e1756305036697-300x236.jpg 300w, https:\/\/www.monespacedepaix.com\/wp-content\/uploads\/2025\/08\/20250826_110246-scaled-e1756305036697-768x605.jpg 768w, https:\/\/www.monespacedepaix.com\/wp-content\/uploads\/2025\/08\/20250826_110246-scaled-e1756305036697-1536x1211.jpg 1536w, https:\/\/www.monespacedepaix.com\/wp-content\/uploads\/2025\/08\/20250826_110246-scaled-e1756305036697-2048x1614.jpg 2048w, https:\/\/www.monespacedepaix.com\/wp-content\/uploads\/2025\/08\/20250826_110246-scaled-e1756305036697-15x12.jpg 15w, https:\/\/www.monespacedepaix.com\/wp-content\/uploads\/2025\/08\/20250826_110246-scaled-e1756305036697-185x146.jpg 185w, https:\/\/www.monespacedepaix.com\/wp-content\/uploads\/2025\/08\/20250826_110246-scaled-e1756305036697-50x39.jpg 50w, https:\/\/www.monespacedepaix.com\/wp-content\/uploads\/2025\/08\/20250826_110246-scaled-e1756305036697-95x75.jpg 95w, https:\/\/www.monespacedepaix.com\/wp-content\/uploads\/2025\/08\/20250826_110246-scaled-e1756305036697-800x631.jpg 800w\" sizes=\"(max-width: 1024px) 100vw, 1024px\" \/>\t\t\t\t\t\t\t\t\t\t\t\t\t\t\t<\/div>\n\t\t\t\t\t<\/div>\n\t\t<\/div>\n\t\t\t\t\t<\/div>\n\t\t<\/section>\n\t\t\t\t<section class=\"elementor-section elementor-inner-section elementor-element elementor-element-e6e92a3 elementor-section-content-middle elementor-section-boxed elementor-section-height-default elementor-section-height-default\" data-id=\"e6e92a3\" data-element_type=\"section\" data-e-type=\"section\">\n\t\t\t\t\t\t<div class=\"elementor-container elementor-column-gap-wider\">\n\t\t\t\t\t<div class=\"elementor-column elementor-col-50 elementor-inner-column elementor-element elementor-element-f65a734\" data-id=\"f65a734\" data-element_type=\"column\" data-e-type=\"column\">\n\t\t\t<div class=\"elementor-widget-wrap elementor-element-populated\">\n\t\t\t\t\t\t<div class=\"elementor-element elementor-element-b23c55f elementor-widget elementor-widget-text-editor\" data-id=\"b23c55f\" data-element_type=\"widget\" data-e-type=\"widget\" data-widget_type=\"text-editor.default\">\n\t\t\t\t\t\t\t\t\t<h3 class=\"themecolor\">Notre mission<\/h3>\t\t\t\t\t\t\t\t<\/div>\n\t\t\t\t<div class=\"elementor-element elementor-element-5a3eeb5 elementor-widget elementor-widget-text-editor\" data-id=\"5a3eeb5\" data-element_type=\"widget\" data-e-type=\"widget\" data-widget_type=\"text-editor.default\">\n\t\t\t\t\t\t\t\t\t<div dir=\"ltr\"><p>Notre mission est d\u2019accompagner chacun vers un meilleur \u00e9quilibre int\u00e9rieur, en offrant des cl\u00e9s concr\u00e8tes pour comprendre et transformer ses \u00e9motions. Le stress, l\u2019anxi\u00e9t\u00e9, la col\u00e8re, ou encore les blessures li\u00e9es au deuil font partie de nos vies, mais ils ne doivent pas diriger notre existence. \u00c0 travers des outils simples et accessibles, nous aidons \u00e0 reconna\u00eetre, nommer et accueillir ces \u00e9tats int\u00e9rieurs, afin de retrouver la s\u00e9r\u00e9nit\u00e9 et la clart\u00e9 n\u00e9cessaires pour avancer.<\/p><p>Nous croyons profond\u00e9ment que la v\u00e9ritable paix vient de la responsabilisation et de l\u2019acceptation. Prendre soin de soi, apprendre \u00e0 se prioriser sans culpabilit\u00e9, d\u00e9velopper la parole consciente et la communication non violente sont autant de chemins vers une vie plus authentique. Le pardon, le d\u00e9tachement et la gratitude deviennent alors des forces puissantes qui transforment non seulement notre rapport \u00e0 nous-m\u00eames, mais aussi \u00e0 ceux qui nous entourent.<\/p><p>Nos piliers reposent sur l\u2019\u00e9quilibre : l\u2019ancrage dans le pr\u00e9sent, l\u2019authenticit\u00e9 dans nos choix, et la conscience de nos besoins r\u00e9els. Nous mettons en lumi\u00e8re les d\u00e9clencheurs de nos blessures, non pas pour s\u2019y enfermer, mais pour s\u2019en lib\u00e9rer. En cultivant l\u2019\u00e9coute de soi et le non-jugement, chacun peut retrouver son espace int\u00e9rieur de paix, et ainsi nourrir un bonheur durable.<\/p><p>Enfin, nous affirmons la puissance du mouvement, de l\u2019action align\u00e9e et de la rencontre avec soi-m\u00eame. Car chaque pas, m\u00eame petit, est une victoire vers plus de libert\u00e9 int\u00e9rieure. Notre mission est de guider, inspirer et soutenir ce cheminement, afin que chacun d\u00e9couvre sa capacit\u00e9 naturelle \u00e0 transformer ses \u00e9motions en alli\u00e9es et \u00e0 b\u00e2tir une vie fond\u00e9e sur l\u2019\u00e9quilibre, la paix et la joie profonde.<\/p><\/div>\t\t\t\t\t\t\t\t<\/div>\n\t\t\t\t\t<\/div>\n\t\t<\/div>\n\t\t\t\t<div class=\"elementor-column elementor-col-50 elementor-inner-column elementor-element elementor-element-a7cd257\" data-id=\"a7cd257\" data-element_type=\"column\" data-e-type=\"column\">\n\t\t\t<div class=\"elementor-widget-wrap elementor-element-populated\">\n\t\t\t\t\t\t<div class=\"elementor-element elementor-element-bc52e8a elementor-widget elementor-widget-image\" data-id=\"bc52e8a\" data-element_type=\"widget\" data-e-type=\"widget\" data-widget_type=\"image.default\">\n\t\t\t\t\t\t\t\t\t\t\t\t\t\t\t<img decoding=\"async\" width=\"1707\" height=\"2560\" src=\"https:\/\/www.monespacedepaix.com\/wp-content\/uploads\/2025\/08\/vecteezy_woman-meditating-on-beach-at-sunset-for-health-wellness_68818042-scaled.jpeg\" class=\"attachment-full size-full wp-image-132\" alt=\"\" srcset=\"https:\/\/www.monespacedepaix.com\/wp-content\/uploads\/2025\/08\/vecteezy_woman-meditating-on-beach-at-sunset-for-health-wellness_68818042-scaled.jpeg 1707w, https:\/\/www.monespacedepaix.com\/wp-content\/uploads\/2025\/08\/vecteezy_woman-meditating-on-beach-at-sunset-for-health-wellness_68818042-scaled-800x1200.jpeg 800w, https:\/\/www.monespacedepaix.com\/wp-content\/uploads\/2025\/08\/vecteezy_woman-meditating-on-beach-at-sunset-for-health-wellness_68818042-200x300.jpeg 200w, https:\/\/www.monespacedepaix.com\/wp-content\/uploads\/2025\/08\/vecteezy_woman-meditating-on-beach-at-sunset-for-health-wellness_68818042-683x1024.jpeg 683w, https:\/\/www.monespacedepaix.com\/wp-content\/uploads\/2025\/08\/vecteezy_woman-meditating-on-beach-at-sunset-for-health-wellness_68818042-768x1152.jpeg 768w, https:\/\/www.monespacedepaix.com\/wp-content\/uploads\/2025\/08\/vecteezy_woman-meditating-on-beach-at-sunset-for-health-wellness_68818042-1024x1536.jpeg 1024w, https:\/\/www.monespacedepaix.com\/wp-content\/uploads\/2025\/08\/vecteezy_woman-meditating-on-beach-at-sunset-for-health-wellness_68818042-1365x2048.jpeg 1365w, https:\/\/www.monespacedepaix.com\/wp-content\/uploads\/2025\/08\/vecteezy_woman-meditating-on-beach-at-sunset-for-health-wellness_68818042-97x146.jpeg 97w, https:\/\/www.monespacedepaix.com\/wp-content\/uploads\/2025\/08\/vecteezy_woman-meditating-on-beach-at-sunset-for-health-wellness_68818042-33x50.jpeg 33w, https:\/\/www.monespacedepaix.com\/wp-content\/uploads\/2025\/08\/vecteezy_woman-meditating-on-beach-at-sunset-for-health-wellness_68818042-50x75.jpeg 50w\" sizes=\"(max-width: 1707px) 100vw, 1707px\" \/>\t\t\t\t\t\t\t\t\t\t\t\t\t\t\t<\/div>\n\t\t\t\t\t<\/div>\n\t\t<\/div>\n\t\t\t\t\t<\/div>\n\t\t<\/section>\n\t\t\t\t\t<\/div>\n\t\t<\/div>\n\t\t\t\t\t<\/div>\n\t\t<\/section>\n\t\t\t\t<section class=\"elementor-section elementor-top-section elementor-element elementor-element-4d47757 elementor-section-stretched elementor-section-boxed elementor-section-height-default elementor-section-height-default\" data-id=\"4d47757\" data-element_type=\"section\" data-e-type=\"section\" data-settings=\"{&quot;stretch_section&quot;:&quot;section-stretched&quot;,&quot;background_background&quot;:&quot;classic&quot;}\">\n\t\t\t\t\t\t<div class=\"elementor-container elementor-column-gap-wider\">\n\t\t\t\t\t<div class=\"elementor-column elementor-col-100 elementor-top-column elementor-element elementor-element-60d2f40\" data-id=\"60d2f40\" data-element_type=\"column\" data-e-type=\"column\">\n\t\t\t<div class=\"elementor-widget-wrap elementor-element-populated\">\n\t\t\t\t\t\t<div class=\"elementor-element elementor-element-779448b elementor-widget elementor-widget-text-editor\" data-id=\"779448b\" data-element_type=\"widget\" data-e-type=\"widget\" data-widget_type=\"text-editor.default\">\n\t\t\t\t\t\t\t\t\t<h6 class=\"themecolor\">T\u00c9MOIGNAGES<\/h6>\t\t\t\t\t\t\t\t<\/div>\n\t\t\t\t<div class=\"elementor-element elementor-element-2a03ee7 elementor-widget elementor-widget-text-editor\" data-id=\"2a03ee7\" data-element_type=\"widget\" data-e-type=\"widget\" data-widget_type=\"text-editor.default\">\n\t\t\t\t\t\t\t\t\t<h3><span style=\"color: #ffffff;\">Quelques t\u00e9moignages<\/span><\/h3>\t\t\t\t\t\t\t\t<\/div>\n\t\t\t\t<div class=\"elementor-element elementor-element-f38f1b2 dark elementor-widget elementor-widget-mfn_testimonials\" data-id=\"f38f1b2\" data-element_type=\"widget\" data-e-type=\"widget\" data-widget_type=\"mfn_testimonials.default\">\n\t\t\t\t<div class=\"elementor-widget-container\">\n\t\t\t\t\t<div class=\"testimonials_slider single-photo hide-photos\"><ul class=\"testimonials_slider_ul\"><li><div class=\"single-photo-img\"><img decoding=\"async\" class=\"scale-with-grid\" src=\"https:\/\/www.monespacedepaix.com\/wp-content\/themes\/betheme\/betheme\/images\/testimonials-placeholder.png\" alt=\"Eric G\" \/><\/div><div class=\"bq_wrapper\"><div class=\"blockquote\"><span class=\"mfn-blockquote-icon\"><i class=\"icon-quote\" aria-hidden=\"true\"><\/i><\/span><blockquote>Ce que j\u2019ai appr\u00e9ci\u00e9, c\u2019est la simplicit\u00e9 et l\u2019efficacit\u00e9 des outils. Pas besoin de passer des heures : quelques minutes par jour suffisent pour voir une r\u00e9elle diff\u00e9rence dans son bien-\u00eatre.<\/blockquote><\/div><\/div><div class=\"hr_dots\"><span><\/span><span><\/span><span><\/span><\/div><div class=\"author\"><h5>Eric G<\/h5><span class=\"company\"><\/span><\/div><\/li><li><div class=\"single-photo-img\"><img decoding=\"async\" class=\"scale-with-grid\" src=\"https:\/\/www.monespacedepaix.com\/wp-content\/themes\/betheme\/betheme\/images\/testimonials-placeholder.png\" alt=\"Vanessa W.\" \/><\/div><div class=\"bq_wrapper\"><div class=\"blockquote\"><span class=\"mfn-blockquote-icon\"><i class=\"icon-quote\" aria-hidden=\"true\"><\/i><\/span><blockquote>Les explications sont claires, accessibles, et surtout applicables dans la vie de tous les jours. J\u2019ai gagn\u00e9 en confiance et je me sens mieux \u00e9quip\u00e9 pour faire face aux d\u00e9fis de la vie.<\/blockquote><\/div><\/div><div class=\"hr_dots\"><span><\/span><span><\/span><span><\/span><\/div><div class=\"author\"><h5>Vanessa W.<\/h5><span class=\"company\"><\/span><\/div><\/li><li><div class=\"single-photo-img\"><img decoding=\"async\" width=\"85\" height=\"85\" src=\"https:\/\/www.monespacedepaix.com\/wp-content\/uploads\/2019\/09\/spa4-testimonials1.jpg\" class=\"scale-with-grid wp-post-image\" alt=\"\" srcset=\"https:\/\/www.monespacedepaix.com\/wp-content\/uploads\/2019\/09\/spa4-testimonials1.jpg 85w, https:\/\/www.monespacedepaix.com\/wp-content\/uploads\/2019\/09\/spa4-testimonials1-50x50.jpg 50w, https:\/\/www.monespacedepaix.com\/wp-content\/uploads\/2019\/09\/spa4-testimonials1-75x75.jpg 75w, https:\/\/www.monespacedepaix.com\/wp-content\/uploads\/2019\/09\/spa4-testimonials1-80x80.jpg 80w\" sizes=\"(max-width: 85px) 100vw, 85px\" \/><\/div><div class=\"bq_wrapper\"><div class=\"blockquote\"><span class=\"mfn-blockquote-icon\"><i class=\"icon-quote\" aria-hidden=\"true\"><\/i><\/span><blockquote>Apr\u00e8s une p\u00e9riode difficile marqu\u00e9e par un deuil, j\u2019ai trouv\u00e9 dans cette approche un vrai soutien. Pouvoir mettre des mots sur mes \u00e9motions m\u2019a permis de retrouver un \u00e9quilibre int\u00e9rieur que je croyais perdu.<\/blockquote><\/div><\/div><div class=\"hr_dots\"><span><\/span><span><\/span><span><\/span><\/div><div class=\"author\"><h5>Marc P.<\/h5><span class=\"company\"><\/span><\/div><\/li><li><div class=\"single-photo-img\"><img loading=\"lazy\" decoding=\"async\" width=\"85\" height=\"85\" src=\"https:\/\/www.monespacedepaix.com\/wp-content\/uploads\/2019\/09\/spa4-testimonials3.jpg\" class=\"scale-with-grid wp-post-image\" alt=\"\" srcset=\"https:\/\/www.monespacedepaix.com\/wp-content\/uploads\/2019\/09\/spa4-testimonials3.jpg 85w, https:\/\/www.monespacedepaix.com\/wp-content\/uploads\/2019\/09\/spa4-testimonials3-50x50.jpg 50w, https:\/\/www.monespacedepaix.com\/wp-content\/uploads\/2019\/09\/spa4-testimonials3-75x75.jpg 75w, https:\/\/www.monespacedepaix.com\/wp-content\/uploads\/2019\/09\/spa4-testimonials3-80x80.jpg 80w\" sizes=\"(max-width: 85px) 100vw, 85px\" \/><\/div><div class=\"bq_wrapper\"><div class=\"blockquote\"><span class=\"mfn-blockquote-icon\"><i class=\"icon-quote\" aria-hidden=\"true\"><\/i><\/span><blockquote>J\u2019\u00e9tais sceptique au d\u00e9but, mais j\u2019ai \u00e9t\u00e9 surpris de voir \u00e0 quel point ces cl\u00e9s concr\u00e8tes pouvaient m\u2019aider. En quelques semaines seulement, j\u2019ai r\u00e9ussi \u00e0 transformer ma mani\u00e8re de r\u00e9agir face au stress.<\/blockquote><\/div><\/div><div class=\"hr_dots\"><span><\/span><span><\/span><span><\/span><\/div><div class=\"author\"><h5>Carl P.<\/h5><span class=\"company\"><\/span><\/div><\/li><li><div class=\"single-photo-img\"><img loading=\"lazy\" decoding=\"async\" width=\"85\" height=\"85\" src=\"https:\/\/www.monespacedepaix.com\/wp-content\/uploads\/2019\/09\/spa4-testimonials2.jpg\" class=\"scale-with-grid wp-post-image\" alt=\"\" srcset=\"https:\/\/www.monespacedepaix.com\/wp-content\/uploads\/2019\/09\/spa4-testimonials2.jpg 85w, https:\/\/www.monespacedepaix.com\/wp-content\/uploads\/2019\/09\/spa4-testimonials2-50x50.jpg 50w, https:\/\/www.monespacedepaix.com\/wp-content\/uploads\/2019\/09\/spa4-testimonials2-75x75.jpg 75w, https:\/\/www.monespacedepaix.com\/wp-content\/uploads\/2019\/09\/spa4-testimonials2-80x80.jpg 80w\" sizes=\"(max-width: 85px) 100vw, 85px\" \/><\/div><div class=\"bq_wrapper\"><div class=\"blockquote\"><span class=\"mfn-blockquote-icon\"><i class=\"icon-quote\" aria-hidden=\"true\"><\/i><\/span><blockquote>Je me sentais souvent d\u00e9pass\u00e9e par mes \u00e9motions, surtout l\u2019anxi\u00e9t\u00e9. Gr\u00e2ce aux outils simples propos\u00e9s ici, j\u2019ai appris \u00e0 les comprendre et \u00e0 mieux les g\u00e9rer au quotidien. Aujourd\u2019hui, je me sens beaucoup plus apais\u00e9e.<\/blockquote><\/div><\/div><div class=\"hr_dots\"><span><\/span><span><\/span><span><\/span><\/div><div class=\"author\"><h5>Jennifer F.<\/h5><span class=\"company\"><\/span><\/div><\/li><\/ul><div class=\"slider_pager slider_pagination\"><\/div><\/div>\n\t\t\t\t<\/div>\n\t\t\t\t<\/div>\n\t\t\t\t\t<\/div>\n\t\t<\/div>\n\t\t\t\t\t<\/div>\n\t\t<\/section>\n\t\t\t\t<\/div>","protected":false},"excerpt":{"rendered":"<p>Pr\u00e9sentation Passionn\u00e9 par le bien-\u00eatre et les \u00e9motions, ce que je partage vient avant tout de mon exp\u00e9rience de vie, de mes \u00e9preuves travers\u00e9es, et des<span class=\"excerpt-hellip\"> [\u2026]<\/span><\/p>","protected":false},"author":1,"featured_media":0,"parent":0,"menu_order":0,"comment_status":"closed","ping_status":"closed","template":"","meta":{"pmpro_default_level":"","footnotes":""},"class_list":["post-9","page","type-page","status-publish","hentry","pmpro-has-access"],"_links":{"self":[{"href":"https:\/\/www.monespacedepaix.com\/fr\/wp-json\/wp\/v2\/pages\/9","targetHints":{"allow":["GET"]}}],"collection":[{"href":"https:\/\/www.monespacedepaix.com\/fr\/wp-json\/wp\/v2\/pages"}],"about":[{"href":"https:\/\/www.monespacedepaix.com\/fr\/wp-json\/wp\/v2\/types\/page"}],"author":[{"embeddable":true,"href":"https:\/\/www.monespacedepaix.com\/fr\/wp-json\/wp\/v2\/users\/1"}],"replies":[{"embeddable":true,"href":"https:\/\/www.monespacedepaix.com\/fr\/wp-json\/wp\/v2\/comments?post=9"}],"version-history":[{"count":19,"href":"https:\/\/www.monespacedepaix.com\/fr\/wp-json\/wp\/v2\/pages\/9\/revisions"}],"predecessor-version":[{"id":516,"href":"https:\/\/www.monespacedepaix.com\/fr\/wp-json\/wp\/v2\/pages\/9\/revisions\/516"}],"wp:attachment":[{"href":"https:\/\/www.monespacedepaix.com\/fr\/wp-json\/wp\/v2\/media?parent=9"}],"curies":[{"name":"wp","href":"https:\/\/api.w.org\/{rel}","templated":true}]}}